{"id":40,"date":"2018-07-27T12:04:58","date_gmt":"2018-07-27T12:04:58","guid":{"rendered":"https:\/\/ithaca.iuma.ulpgc.es\/?page_id=40"},"modified":"2018-10-21T19:19:25","modified_gmt":"2018-10-21T19:19:25","slug":"objetivos-generales","status":"publish","type":"page","link":"https:\/\/ithaca.iuma.ulpgc.es\/?page_id=40","title":{"rendered":"Objetivos Generales"},"content":{"rendered":"<p>Los objetivos generales a desarrollar en este proyecto son los siguientes:<\/p>\n<ul>\n<li>Facilitar a los neurocirujanos y pat\u00f3logos la identificaci\u00f3n del tipo de tumor cerebral (primario o secundario) existente en un tejido, as\u00ed como su grado (en el caso de los tumores primarios) o su procedencia (en el caso de tumores secundarios).<img loading=\"lazy\" decoding=\"async\" class=\"size-medium wp-image-26 alignright\" src=\"https:\/\/ithaca.iuma.ulpgc.es\/wp-content\/uploads\/2018\/07\/Figura5d-262x300.png\" alt=\"\" width=\"262\" height=\"300\" srcset=\"https:\/\/ithaca.iuma.ulpgc.es\/wp-content\/uploads\/2018\/07\/Figura5d-262x300.png 262w, https:\/\/ithaca.iuma.ulpgc.es\/wp-content\/uploads\/2018\/07\/Figura5d.png 709w\" sizes=\"auto, (max-width: 262px) 100vw, 262px\" \/><\/li>\n<li>Mejorar la precisi\u00f3n y acelerar el diagn\u00f3stico patol\u00f3gico intra-operatorio de tejido cerebral, as\u00ed como facilitar al neurocirujano la toma de decisiones en tiempo real y reducir la duraci\u00f3n de las operaciones neuroquir\u00fargicas.<\/li>\n<li>Desarrollar algoritmos para la clasificaci\u00f3n de tumores cerebrales mediante el uso de im\u00e1genes hiperespectrales (macrosc\u00f3picas y microsc\u00f3picas) de tejido cerebral.<\/li>\n<li>Desarrollo de aceleradores hardware para disminuir los tiempos de procesamiento de los algoritmos de clasificaci\u00f3n de tumores cerebrales.<\/li>\n<\/ul>\n","protected":false},"excerpt":{"rendered":"<p>Los objetivos generales a desarrollar en este proyecto son los siguientes: Facilitar a los neurocirujanos y pat\u00f3logos la identificaci\u00f3n del tipo de tumor cerebral (primario o secundario) existente en un tejido, as\u00ed como su grado (en el caso de los tumores primarios) o su procedencia (en el caso de tumores secundarios). Mejorar la precisi\u00f3n y [&hellip;]<\/p>\n","protected":false},"author":2,"featured_media":0,"parent":72,"menu_order":0,"comment_status":"closed","ping_status":"closed","template":"","meta":{"footnotes":""},"class_list":["post-40","page","type-page","status-publish","hentry"],"_links":{"self":[{"href":"https:\/\/ithaca.iuma.ulpgc.es\/index.php?rest_route=\/wp\/v2\/pages\/40","targetHints":{"allow":["GET"]}}],"collection":[{"href":"https:\/\/ithaca.iuma.ulpgc.es\/index.php?rest_route=\/wp\/v2\/pages"}],"about":[{"href":"https:\/\/ithaca.iuma.ulpgc.es\/index.php?rest_route=\/wp\/v2\/types\/page"}],"author":[{"embeddable":true,"href":"https:\/\/ithaca.iuma.ulpgc.es\/index.php?rest_route=\/wp\/v2\/users\/2"}],"replies":[{"embeddable":true,"href":"https:\/\/ithaca.iuma.ulpgc.es\/index.php?rest_route=%2Fwp%2Fv2%2Fcomments&post=40"}],"version-history":[{"count":2,"href":"https:\/\/ithaca.iuma.ulpgc.es\/index.php?rest_route=\/wp\/v2\/pages\/40\/revisions"}],"predecessor-version":[{"id":166,"href":"https:\/\/ithaca.iuma.ulpgc.es\/index.php?rest_route=\/wp\/v2\/pages\/40\/revisions\/166"}],"up":[{"embeddable":true,"href":"https:\/\/ithaca.iuma.ulpgc.es\/index.php?rest_route=\/wp\/v2\/pages\/72"}],"wp:attachment":[{"href":"https:\/\/ithaca.iuma.ulpgc.es\/index.php?rest_route=%2Fwp%2Fv2%2Fmedia&parent=40"}],"curies":[{"name":"wp","href":"https:\/\/api.w.org\/{rel}","templated":true}]}}