{"id":82,"date":"2018-10-21T14:43:17","date_gmt":"2018-10-21T14:43:17","guid":{"rendered":"https:\/\/ithaca.iuma.ulpgc.es\/?page_id=82"},"modified":"2019-02-25T09:45:40","modified_gmt":"2019-02-25T09:45:40","slug":"noticias","status":"publish","type":"page","link":"https:\/\/ithaca.iuma.ulpgc.es\/?page_id=82","title":{"rendered":"Noticias"},"content":{"rendered":"\n<ul class=\"wp-block-list\"><li><h3><strong><span style=\"color: #1c51a6;\">20\/02\/19: Art\u00edculo aceptado para su publicaci\u00f3n en Sensors<\/span><\/strong><\/h3><\/li><\/ul>\n\n\n\n<p>El art\u00edculo \u00ab<strong>Deep Learning-Based Framework for In Vivo Identification of Glioblastoma Tumor using Hyperspectral Images of Human Brain\u00bb<\/strong> ha <g class=\"gr_ gr_53 gr-alert gr_spell gr_inline_cards gr_run_anim ContextualSpelling ins-del multiReplace\" id=\"53\" data-gr-id=\"53\">sido<\/g> <g class=\"gr_ gr_55 gr-alert gr_spell gr_inline_cards gr_run_anim ContextualSpelling\" id=\"55\" data-gr-id=\"55\">aceptado<\/g> para <g class=\"gr_ gr_56 gr-alert gr_spell gr_inline_cards gr_run_anim ContextualSpelling\" id=\"56\" data-gr-id=\"56\">su<\/g> publicaci\u00f3n en la <g class=\"gr_ gr_630 gr-alert gr_spell gr_inline_cards gr_run_anim ContextualSpelling ins-del multiReplace\" id=\"630\" data-gr-id=\"630\">revista<\/g> SENSORS (\u00edndice de <g class=\"gr_ gr_54 gr-alert gr_spell gr_inline_cards gr_run_anim ContextualSpelling ins-del multiReplace\" id=\"54\" data-gr-id=\"54\">impacto<\/g> 2.475).<\/p>\n\n\n\n<hr class=\"wp-block-separator\"\/>\n\n\n\n<ul class=\"wp-block-list\"><li><h3><strong><span style=\"color: #1c51a6;\">16-21 February 19: Premio en el congreso SPIE Medical Imaging. San Diego. California.<\/span><\/strong><\/h3><\/li><\/ul>\n\n\n\n<p><strong>SEGUNDO PREMIO DEL CONGRESO.<\/strong> Al trabajo presentado por Himar Fabelo G\u00f3mez titulado \u00ab<strong>Surgical Aid Visualization System for Glioblastoma Tumor Identification based on Deep Learning and In-Vivo Hyperspectral Images of Human Patients\u00bb <\/strong>en uno de los mayores congresos de imagen m\u00e9dica del mundo. El premio Robert F. Wagner es uno de los m\u00e1s prestigiosos a nivel internacional y reconoce los mejores art\u00edculos de toda la conferencia.<\/p>\n\n\n\n<div class=\"wp-block-image\"><figure class=\"aligncenter\"><img loading=\"lazy\" decoding=\"async\" width=\"720\" height=\"540\" src=\"https:\/\/ithaca.iuma.ulpgc.es\/wp-content\/uploads\/2019\/02\/\u00edndice.jpg\" alt=\"\" class=\"wp-image-323\" srcset=\"https:\/\/ithaca.iuma.ulpgc.es\/wp-content\/uploads\/2019\/02\/\u00edndice.jpg 720w, https:\/\/ithaca.iuma.ulpgc.es\/wp-content\/uploads\/2019\/02\/\u00edndice-300x225.jpg 300w\" sizes=\"auto, (max-width: 720px) 100vw, 720px\" \/><figcaption> 2019 Robert F. Wagner Best Student Paper Award. Runner up <\/figcaption><\/figure><\/div>\n\n\n\n<hr class=\"wp-block-separator\"\/>\n\n\n\n<ul class=\"wp-block-list\"><li><h3><strong><span style=\"color: #1c51a6;\">30\/01\/19: Conferencia en la Universidad Castilla-La Mancha (Ciudad Real)<\/span><\/strong><\/h3><\/li><\/ul>\n\n\n<p><!--EndFragment-->El mi\u00e9rcoles 30 de enero a las 12:30 h, Himar Fabelo G\u00f3mez, impartir\u00e1 una conferencia titulada <strong>\u00abSurgical Aid Visualization System for Glioblastoma Tumor Identification based on Deep Learning and In-Vivo Hyperspectral Images of Human Patients\u00bb<\/strong> en el Instituto de matem\u00e1tica aplicada a la ciencia y la ingenier\u00eda de la Universidad de Castilla-La Mancha (Ciudad Real). <a href=\"http:\/\/matematicas.uclm.es\/molab\/event\/?idevento=348&amp;fbclid=IwAR14TvOCXTsSpLBJ45Sy0pu-7EuOpRGqT6BGLEMPvtC9Nq9srjUqI3lbmBs\">http:\/\/matematicas.uclm.es\/molab\/event\/?idevento=348&amp;fbclid=IwAR14TvOCXTsSpLBJ45Sy0pu-7EuOpRGqT6BGLEMPvtC9Nq9srjUqI3lbmBs<\/a><\/p>\n<hr>\n<p><!--StartFragment--><\/p>\n\n\n<ul class=\"wp-block-list\"><li><h3><strong><span style=\"color: #1c51a6;\">26\/12\/18: Art\u00edculo aceptado para su publicaci\u00f3n en Journal of Clinical Medicine<\/span><\/strong><\/h3><\/li><\/ul>\n\n\n\n<p>El art\u00edculo \u00ab<strong>Use of Hyperspectral\/Multispectral Imaging in Gastroenterology. Shedding Some\u2013Different\u2013Light into the Dark<\/strong>\u00bb ha sido aceptado para su publicaci\u00f3n en la revista Journal of Clinical Medicine (\u00edndice de impacto 5.583).<\/p>\n\n\n\n<hr class=\"wp-block-separator\"\/>\n\n\n\n<ul class=\"wp-block-list\"><li><h3><strong><span style=\"color: #1c51a6;\">15\/12\/18: Art\u00edculo aceptado para su publicaci\u00f3n en SENSORS<\/span><\/strong><\/h3><\/li><\/ul>\n\n\n\n<p>El art\u00edculo \u00ab<strong>SVM Optimization for Brain Tumor Identification Using Infrared Spectroscopic Samples<\/strong>\u00bb ha sido aceptado para su publicaci\u00f3n en la revista SENSORS (\u00edndice de impacto 2.475).<\/p>\n\n\n\n<hr class=\"wp-block-separator\"\/>\n\n\n\n<ul class=\"wp-block-list\"><li><h3><strong><span style=\"color: #1c51a6;\">26\/10\/18: Art\u00edculo aceptado para su publicaci\u00f3n en ELECTRONICS<\/span><\/strong><\/h3><\/li><\/ul>\n\n\n\n<p>El art\u00edculo \u00ab<strong>Parallel K-Means Clustering for Brain Cancer Detection Using Hyperspectral Images<\/strong>\u00bb ha sido aceptado para su publicaci\u00f3n en la revista ELECTRONICS (\u00edndice de impacto 2.110).<\/p>\n\n\n\n<hr class=\"wp-block-separator\"\/>\n\n\n<ul>\n<li>\n<h3><strong><span style=\"color: #1c51a6;\">17\/10\/18: Art\u00edculo divulgativo en WEB <\/span><\/strong><\/h3>\n<\/li>\n<\/ul>\n<p>\u00abSalvar vidas durante la cirug\u00eda de c\u00e1ncer al separar lo bueno de lo malo\u00bb<\/p>\n<p>El pasado mes de septiembre&nbsp;Bradley van Paridon de Youris.com (European Research Media Center) le hizo una entrevista a nuestro IP &#8211; Gustavo Marrero Callic\u00f3 en la que explic\u00f3 los avances que la imagen hiperespectral en tiempo real dan a los neurocirujanos para operar con una mayor precisi\u00f3n, mejorando los resultados de los pacientes.<\/p>\n<p>El art\u00edculo titulado \u00abSaving lives during cancer surgery by separating the good from the bad\u00bb (Salvar vidas durante la cirug\u00eda de c\u00e1ncer al separar lo bueno de lo malo) lo puedes encontrar en:&nbsp;&nbsp;<a href=\"http:\/\/www.youris.com\/health\/cancer\/saving-lives-during-cancer-surgery-by-separating-the-good-from-the-bad.kl#ixzz5UItLGBzV\">http:\/\/www.youris.com\/health\/cancer\/saving-lives-during-cancer-surgery-by-separating-the-good-from-the-bad.kl#ixzz5UItLGBzV<\/a><\/p>\n\n\n<hr class=\"wp-block-separator\"\/>\n\n\n\n<ul class=\"wp-block-list\"><li><h3><strong><span style=\"color: #1c51a6;\">15\/10\/18: Art\u00edculo aceptado para su presentaci\u00f3n en el congreso SPIE Medical Imaging en USA<\/span><\/strong><\/h3><\/li><\/ul>\n\n\n\n<p>El art\u00edculo \u00ab<strong>Surgical Aid Visualization System for Glioblastoma Tumor Identification based on Deep Learning and In-Vivo Hyperspectral Images of Human Patients<\/strong>\u00bb ha sido aceptado para su presentaci\u00f3n en el congreso SPIE Medical Imaging el pr\u00f3ximo febrero de 2019 en San Diego, California (USA).<\/p>\n\n\n\n<hr class=\"wp-block-separator\"\/>\n\n\n\n<ul class=\"wp-block-list\"><li><h3><strong><span style=\"color: #1c51a6;\">15\/07\/18: Art\u00edculo aceptado para su publicaci\u00f3n en SENSORS<\/span><\/strong><\/h3><\/li><\/ul>\n\n\n\n<p>El art\u00edculo \u00ab<strong>Accelerating the K-Nearest Neighbors Filtering Algorithm to Optimize the Real-Time Classification of Human Brain Tumor in Hyperspectral Images<\/strong>\u00bb ha sido aceptado para su publicaci\u00f3n en la revista SENSORS (\u00edndice de impacto 2.475).<\/p>\n\n\n\n<hr class=\"wp-block-separator\"\/>\n","protected":false},"excerpt":{"rendered":"<p>20\/02\/19: Art\u00edculo aceptado para su publicaci\u00f3n en Sensors El art\u00edculo \u00abDeep Learning-Based Framework for In Vivo Identification of Glioblastoma Tumor using Hyperspectral Images of Human Brain\u00bb ha sido aceptado para su publicaci\u00f3n en la revista SENSORS (\u00edndice de impacto 2.475). 16-21 February 19: Premio en el congreso SPIE Medical Imaging. San Diego. California. SEGUNDO PREMIO [&hellip;]<\/p>\n","protected":false},"author":2,"featured_media":0,"parent":0,"menu_order":0,"comment_status":"closed","ping_status":"closed","template":"","meta":{"footnotes":""},"class_list":["post-82","page","type-page","status-publish","hentry"],"_links":{"self":[{"href":"https:\/\/ithaca.iuma.ulpgc.es\/index.php?rest_route=\/wp\/v2\/pages\/82","targetHints":{"allow":["GET"]}}],"collection":[{"href":"https:\/\/ithaca.iuma.ulpgc.es\/index.php?rest_route=\/wp\/v2\/pages"}],"about":[{"href":"https:\/\/ithaca.iuma.ulpgc.es\/index.php?rest_route=\/wp\/v2\/types\/page"}],"author":[{"embeddable":true,"href":"https:\/\/ithaca.iuma.ulpgc.es\/index.php?rest_route=\/wp\/v2\/users\/2"}],"replies":[{"embeddable":true,"href":"https:\/\/ithaca.iuma.ulpgc.es\/index.php?rest_route=%2Fwp%2Fv2%2Fcomments&post=82"}],"version-history":[{"count":35,"href":"https:\/\/ithaca.iuma.ulpgc.es\/index.php?rest_route=\/wp\/v2\/pages\/82\/revisions"}],"predecessor-version":[{"id":346,"href":"https:\/\/ithaca.iuma.ulpgc.es\/index.php?rest_route=\/wp\/v2\/pages\/82\/revisions\/346"}],"wp:attachment":[{"href":"https:\/\/ithaca.iuma.ulpgc.es\/index.php?rest_route=%2Fwp%2Fv2%2Fmedia&parent=82"}],"curies":[{"name":"wp","href":"https:\/\/api.w.org\/{rel}","templated":true}]}}